{"id":335,"date":"2023-05-04T08:55:25","date_gmt":"2023-05-04T08:55:25","guid":{"rendered":"https:\/\/www.ferienwohnungen-frey.de\/?page_id=335"},"modified":"2025-02-13T19:25:07","modified_gmt":"2025-02-13T19:25:07","slug":"impressum","status":"publish","type":"page","link":"https:\/\/www.ferienwohnungen-frey.de\/Startseite.php\/impressum\/","title":{"rendered":"Impressum"},"content":{"rendered":"\t\t<div data-elementor-type=\"wp-page\" data-elementor-id=\"335\" class=\"elementor elementor-335\">\n\t\t\t\t\t\t<section class=\"elementor-section elementor-top-section elementor-element elementor-element-781a22ed elementor-section-boxed elementor-section-height-default elementor-section-height-default\" data-id=\"781a22ed\" data-element_type=\"section\" data-e-type=\"section\">\n\t\t\t\t\t\t<div class=\"elementor-container elementor-column-gap-extended\">\n\t\t\t\t\t<div class=\"elementor-column elementor-col-100 elementor-top-column elementor-element elementor-element-1b04eac6\" data-id=\"1b04eac6\" data-element_type=\"column\" data-e-type=\"column\">\n\t\t\t<div class=\"elementor-widget-wrap elementor-element-populated\">\n\t\t\t\t\t\t<div class=\"elementor-element elementor-element-278f8963 elementor-widget elementor-widget-text-editor\" data-id=\"278f8963\" data-element_type=\"widget\" data-e-type=\"widget\" data-widget_type=\"text-editor.default\">\n\t\t\t\t<div class=\"elementor-widget-container\">\n\t\t\t\t\t\t\t\t\t<p><\/p>\n<p><strong>Verantwortlich f\u00fcr den Inhalt<\/strong><\/p>\n<p><\/p>\n<p><\/p>\n<p>Familie Roland &amp; Birgit Frey<\/p><p>Freyenh\u00f6fe 32<br>72270 Baiersbronn<br>Tel. 07442 2686<br><a href=\"mailto:info@ferienwohnungen-frey.de\">info@ferienwohnungen-frey.de<\/a><\/p>\n<p><\/p>\n<p><\/p>\n<p>Umsatzsteuer-Identifikationsnummer gem\u00e4\u00df \u00a7 27 a Umsatzsteuergesetz: DE172352387<\/p>\n<p>Alle weitere Informationen entnehmen Sie bitte unter https:\/\/www.ferienwohnungen-frey.de\/cookie-richtlinie-eu\/<\/p>\n<p><\/p>\n<p><\/p>\n<p><\/p> \t\t\t\t\t\t\t\t<\/div>\n\t\t\t\t<\/div>\n\t\t\t\t\t<\/div>\n\t\t<\/div>\n\t\t\t\t\t<\/div>\n\t\t<\/section>\n\t\t\t\t<\/div>\n\t\t","protected":false},"excerpt":{"rendered":"<p>Verantwortlich f\u00fcr den Inhalt Familie Roland &amp; Birgit Frey Freyenh\u00f6fe 3272270 BaiersbronnTel. 07442 2686info@ferienwohnungen-frey.de Umsatzsteuer-Identifikationsnummer gem\u00e4\u00df \u00a7 27 a Umsatzsteuergesetz: DE172352387 Alle weitere Informationen entnehmen Sie bitte unter https:\/\/www.ferienwohnungen-frey.de\/cookie-richtlinie-eu\/<\/p>\n","protected":false},"author":1,"featured_media":0,"parent":0,"menu_order":0,"comment_status":"closed","ping_status":"closed","template":"","meta":{"pgc_sgb_lightbox_settings":"","footnotes":""},"class_list":["post-335","page","type-page","status-publish","hentry","entry"],"aioseo_notices":[],"_links":{"self":[{"href":"https:\/\/www.ferienwohnungen-frey.de\/Startseite.php\/wp-json\/wp\/v2\/pages\/335","targetHints":{"allow":["GET"]}}],"collection":[{"href":"https:\/\/www.ferienwohnungen-frey.de\/Startseite.php\/wp-json\/wp\/v2\/pages"}],"about":[{"href":"https:\/\/www.ferienwohnungen-frey.de\/Startseite.php\/wp-json\/wp\/v2\/types\/page"}],"author":[{"embeddable":true,"href":"https:\/\/www.ferienwohnungen-frey.de\/Startseite.php\/wp-json\/wp\/v2\/users\/1"}],"replies":[{"embeddable":true,"href":"https:\/\/www.ferienwohnungen-frey.de\/Startseite.php\/wp-json\/wp\/v2\/comments?post=335"}],"version-history":[{"count":9,"href":"https:\/\/www.ferienwohnungen-frey.de\/Startseite.php\/wp-json\/wp\/v2\/pages\/335\/revisions"}],"predecessor-version":[{"id":1611,"href":"https:\/\/www.ferienwohnungen-frey.de\/Startseite.php\/wp-json\/wp\/v2\/pages\/335\/revisions\/1611"}],"wp:attachment":[{"href":"https:\/\/www.ferienwohnungen-frey.de\/Startseite.php\/wp-json\/wp\/v2\/media?parent=335"}],"curies":[{"name":"wp","href":"https:\/\/api.w.org\/{rel}","templated":true}]}}